{"id":953,"date":"2024-12-08T16:32:25","date_gmt":"2024-12-08T16:32:25","guid":{"rendered":"https:\/\/portalhbi.pt\/escondidinho\/?post_type=product&#038;p=953"},"modified":"2025-02-11T11:47:09","modified_gmt":"2025-02-11T11:47:09","slug":"steak-de-boeuf-a-la-escondidinho","status":"publish","type":"product","link":"https:\/\/menudigital.escondidinho.pt\/fr\/product\/steak-de-boeuf-a-la-escondidinho\/","title":{"rendered":"Steak de boeuf \u00e0 la Escondidinho"},"content":{"rendered":"<p>Steak de b\u0153uf grill\u00e9, pommes de terre au four, ail, huile d&rsquo;olive et vinaigre balsamique<\/p>\n","protected":false},"excerpt":{"rendered":"<p>Steak de b\u0153uf grill\u00e9, pommes de terre au four, ail, huile d&rsquo;olive et vinaigre balsamique<\/p>\n","protected":false},"featured_media":3325,"comment_status":"open","ping_status":"closed","template":"","meta":{"_et_pb_use_builder":"","_et_pb_old_content":"","_et_gb_content_width":""},"product_brand":[],"product_cat":[81],"product_tag":[],"class_list":{"0":"post-953","1":"product","2":"type-product","3":"status-publish","4":"has-post-thumbnail","6":"product_cat-viande","8":"first","9":"outofstock","10":"shipping-taxable","11":"purchasable","12":"product-type-simple"},"_links":{"self":[{"href":"https:\/\/menudigital.escondidinho.pt\/fr\/wp-json\/wp\/v2\/product\/953","targetHints":{"allow":["GET"]}}],"collection":[{"href":"https:\/\/menudigital.escondidinho.pt\/fr\/wp-json\/wp\/v2\/product"}],"about":[{"href":"https:\/\/menudigital.escondidinho.pt\/fr\/wp-json\/wp\/v2\/types\/product"}],"replies":[{"embeddable":true,"href":"https:\/\/menudigital.escondidinho.pt\/fr\/wp-json\/wp\/v2\/comments?post=953"}],"wp:featuredmedia":[{"embeddable":true,"href":"https:\/\/menudigital.escondidinho.pt\/fr\/wp-json\/wp\/v2\/media\/3325"}],"wp:attachment":[{"href":"https:\/\/menudigital.escondidinho.pt\/fr\/wp-json\/wp\/v2\/media?parent=953"}],"wp:term":[{"taxonomy":"product_brand","embeddable":true,"href":"https:\/\/menudigital.escondidinho.pt\/fr\/wp-json\/wp\/v2\/product_brand?post=953"},{"taxonomy":"product_cat","embeddable":true,"href":"https:\/\/menudigital.escondidinho.pt\/fr\/wp-json\/wp\/v2\/product_cat?post=953"},{"taxonomy":"product_tag","embeddable":true,"href":"https:\/\/menudigital.escondidinho.pt\/fr\/wp-json\/wp\/v2\/product_tag?post=953"}],"curies":[{"name":"wp","href":"https:\/\/api.w.org\/{rel}","templated":true}]}}